{"id":250,"date":"2025-05-22T08:35:20","date_gmt":"2025-05-22T06:35:20","guid":{"rendered":"https:\/\/osz.oce.opolskie.pl\/?page_id=250"},"modified":"2025-05-22T08:38:27","modified_gmt":"2025-05-22T06:38:27","slug":"dodatkowe-informacje","status":"publish","type":"page","link":"http:\/\/osz.oce.opolskie.pl\/index.php\/dodatkowe-informacje\/","title":{"rendered":"Dodatkowe informacje"},"content":{"rendered":"<p>Szanowni Pa\u0144stwo,<\/p>\n<p>W zwi\u0105zku z realizacj\u0105 projektu 5.9 \u201eOpolskie Szkolnictwo Zawodowe\u201d, do kt\u00f3rego przyst\u0105pili Pa\u0144stwo poprzez podpisanie O\u015bwiadczenia uczestnika projektu, informujemy o zmianie administratora danych osobowych.<\/p>\n<p>Nowym administratorem Pa\u0144stwa danych osobowych jest\u00a0<strong>Zarz\u0105d Wojew\u00f3dztwa Opolskiego z siedzib\u0105 przy ul. Ostr\u00f3wek 5, 45-088 Opole<\/strong>, a nie jak pierwotnie wskazano Marsza\u0142ek Wojew\u00f3dztwa Opolskiego.<\/p>\n<p>Pa\u0144stwa dane osobowe b\u0119d\u0105 przetwarzane zgodnie z obowi\u0105zuj\u0105cymi przepisami, a szczeg\u00f3\u0142owe informacje na ten temat mo\u017cna znale\u017a\u0107 w zaktualizowanym dokumencie pn. \u201eKlauzula informacyjna i O\u015bwiadczenie uczestnika projektu\u201d, dost\u0119pnej na stronie\u00a0<a href=\"https:\/\/osz.oce.opolskie.pl\/\">https:\/\/osz.oce.opolskie.pl\/<\/a><\/p>\n<p>W razie pyta\u0144 prosimy o kontakt tel. <strong>77 404 45 46<\/strong> lub pod adresem <strong>45-315 Opole, ul. G\u0142ogowska 27.<\/strong><\/p>\n","protected":false},"excerpt":{"rendered":"<p>Szanowni Pa\u0144stwo, W zwi\u0105zku z realizacj\u0105 projektu 5.9 \u201eOpolskie Szkolnictwo Zawodowe\u201d, do kt\u00f3rego przyst\u0105pili Pa\u0144stwo poprzez podpisanie O\u015bwiadczenia uczestnika projektu, informujemy o zmianie administratora danych osobowych. Nowym administratorem Pa\u0144stwa danych osobowych jest\u00a0Zarz\u0105d Wojew\u00f3dztwa Opolskiego z siedzib\u0105 przy ul. Ostr\u00f3wek 5, 45-088 Opole, a nie jak pierwotnie wskazano Marsza\u0142ek Wojew\u00f3dztwa Opolskiego. Pa\u0144stwa dane osobowe b\u0119d\u0105 przetwarzane [&hellip;]<\/p>\n","protected":false},"author":4,"featured_media":0,"parent":0,"menu_order":0,"comment_status":"closed","ping_status":"closed","template":"","meta":{"footnotes":""},"class_list":["post-250","page","type-page","status-publish","hentry"],"_links":{"self":[{"href":"http:\/\/osz.oce.opolskie.pl\/index.php\/wp-json\/wp\/v2\/pages\/250","targetHints":{"allow":["GET"]}}],"collection":[{"href":"http:\/\/osz.oce.opolskie.pl\/index.php\/wp-json\/wp\/v2\/pages"}],"about":[{"href":"http:\/\/osz.oce.opolskie.pl\/index.php\/wp-json\/wp\/v2\/types\/page"}],"author":[{"embeddable":true,"href":"http:\/\/osz.oce.opolskie.pl\/index.php\/wp-json\/wp\/v2\/users\/4"}],"replies":[{"embeddable":true,"href":"http:\/\/osz.oce.opolskie.pl\/index.php\/wp-json\/wp\/v2\/comments?post=250"}],"version-history":[{"count":2,"href":"http:\/\/osz.oce.opolskie.pl\/index.php\/wp-json\/wp\/v2\/pages\/250\/revisions"}],"predecessor-version":[{"id":253,"href":"http:\/\/osz.oce.opolskie.pl\/index.php\/wp-json\/wp\/v2\/pages\/250\/revisions\/253"}],"wp:attachment":[{"href":"http:\/\/osz.oce.opolskie.pl\/index.php\/wp-json\/wp\/v2\/media?parent=250"}],"curies":[{"name":"wp","href":"https:\/\/api.w.org\/{rel}","templated":true}]}}