{"id":26,"date":"2024-05-15T08:37:10","date_gmt":"2024-05-15T06:37:10","guid":{"rendered":"http:\/\/osz.oce.opolskie.pl\/?page_id=26"},"modified":"2025-05-20T14:09:17","modified_gmt":"2025-05-20T12:09:17","slug":"dla-szkoly","status":"publish","type":"page","link":"https:\/\/osz.oce.opolskie.pl\/index.php\/dla-szkoly\/","title":{"rendered":"Dla szko\u0142y"},"content":{"rendered":"<p><a href=\"http:\/\/osz.oce.opolskie.pl\/wp-content\/uploads\/2025\/03\/Regulamin-uczestnictwa-2024-11-04-1.docx\">Regulamin uczestnictwa w OSZ<\/a><\/p>\n<p><a href=\"http:\/\/osz.oce.opolskie.pl\/wp-content\/uploads\/2025\/03\/Formularz-Zgloszeniowy-2024-10-18-aktualny.docx\">Formularz Zg\u0142oszeniowy 2024 10 18\u00a0<\/a><\/p>\n<p><a href=\"http:\/\/osz.oce.opolskie.pl\/wp-content\/uploads\/2025\/03\/Formularz-zgloszeniowy-NAUCZYCIELE-kpl.pdf\">Formularz zg\u0142oszeniowy NAUCZYCIELE<\/a><\/p>\n<p><a href=\"http:\/\/osz.oce.opolskie.pl\/wp-content\/uploads\/2025\/03\/Regulamin-NAUCZYCIELE.pdf\">Regulamin NAUCZYCIELE<\/a><\/p>\n<p><a href=\"http:\/\/osz.oce.opolskie.pl\/wp-content\/uploads\/2025\/03\/Formularz-zgloszenia-specjalnych-potrzeb-nauczyciel.docx\">Formularz zg\u0142oszenia specjalnych potrzeb dla nauczycieli<\/a><\/p>\n<p><a href=\"http:\/\/osz.oce.opolskie.pl\/wp-content\/uploads\/2025\/05\/Formularz-zgloszeniowy-NAUCZYCIELE-kpl-5.9.docx\">Formularz zg\u0142oszeniowy NAUCZYCIELE kpl 5.9<\/a> (Word) obowi\u0105zuj\u0105cy od 23 kwietnia 2025 r.<\/p>\n<p><a href=\"http:\/\/osz.oce.opolskie.pl\/wp-content\/uploads\/2025\/05\/Formularz-zgloszeniowy-NAUCZYCIELE-kpl-5.9.pdf\">Formularz zg\u0142oszeniowy NAUCZYCIELE kpl 5.9<\/a> (PDF)\u00a0obowi\u0105zuj\u0105cy od 23 kwietnia 2025 r.<\/p>\n<p><a href=\"http:\/\/osz.oce.opolskie.pl\/wp-content\/uploads\/2025\/05\/Formularz-zgloszeniowy-uczen-5.9.docx\">Formularz zg\u0142oszeniowy ucze\u0144 5.9<\/a> (Word) obowi\u0105zuj\u0105cy od 23 kwietnia 2025 r.<\/p>\n<p><a href=\"http:\/\/osz.oce.opolskie.pl\/wp-content\/uploads\/2025\/05\/Formularz-zgloszeniowy-uczen-5.9.pdf\">Formularz zg\u0142oszeniowy ucze\u0144 5.9<\/a> (PDF)\u00a0obowi\u0105zuj\u0105cy od 23 kwietnia 2025 r.<\/p>\n","protected":false},"excerpt":{"rendered":"<p>Regulamin uczestnictwa w OSZ Formularz Zg\u0142oszeniowy 2024 10 18\u00a0 Formularz zg\u0142oszeniowy NAUCZYCIELE Regulamin NAUCZYCIELE Formularz zg\u0142oszenia specjalnych potrzeb dla nauczycieli Formularz zg\u0142oszeniowy NAUCZYCIELE kpl 5.9 (Word) obowi\u0105zuj\u0105cy od 23 kwietnia 2025 r. Formularz zg\u0142oszeniowy NAUCZYCIELE kpl 5.9 (PDF)\u00a0obowi\u0105zuj\u0105cy od 23 kwietnia 2025 r. Formularz zg\u0142oszeniowy ucze\u0144 5.9 (Word) obowi\u0105zuj\u0105cy od 23 kwietnia 2025 r. Formularz [&hellip;]<\/p>\n","protected":false},"author":1,"featured_media":0,"parent":0,"menu_order":0,"comment_status":"closed","ping_status":"closed","template":"","meta":{"footnotes":""},"class_list":["post-26","page","type-page","status-publish","hentry"],"_links":{"self":[{"href":"https:\/\/osz.oce.opolskie.pl\/index.php\/wp-json\/wp\/v2\/pages\/26","targetHints":{"allow":["GET"]}}],"collection":[{"href":"https:\/\/osz.oce.opolskie.pl\/index.php\/wp-json\/wp\/v2\/pages"}],"about":[{"href":"https:\/\/osz.oce.opolskie.pl\/index.php\/wp-json\/wp\/v2\/types\/page"}],"author":[{"embeddable":true,"href":"https:\/\/osz.oce.opolskie.pl\/index.php\/wp-json\/wp\/v2\/users\/1"}],"replies":[{"embeddable":true,"href":"https:\/\/osz.oce.opolskie.pl\/index.php\/wp-json\/wp\/v2\/comments?post=26"}],"version-history":[{"count":23,"href":"https:\/\/osz.oce.opolskie.pl\/index.php\/wp-json\/wp\/v2\/pages\/26\/revisions"}],"predecessor-version":[{"id":241,"href":"https:\/\/osz.oce.opolskie.pl\/index.php\/wp-json\/wp\/v2\/pages\/26\/revisions\/241"}],"wp:attachment":[{"href":"https:\/\/osz.oce.opolskie.pl\/index.php\/wp-json\/wp\/v2\/media?parent=26"}],"curies":[{"name":"wp","href":"https:\/\/api.w.org\/{rel}","templated":true}]}}