{"id":48,"date":"2024-05-15T08:47:51","date_gmt":"2024-05-15T06:47:51","guid":{"rendered":"http:\/\/osz.oce.opolskie.pl\/?page_id=48"},"modified":"2024-10-08T11:11:01","modified_gmt":"2024-10-08T09:11:01","slug":"dzialania-2","status":"publish","type":"page","link":"https:\/\/osz.oce.opolskie.pl\/index.php\/dzialania-2\/","title":{"rendered":"Dzia\u0142ania"},"content":{"rendered":"\n<p><strong>Dzia\u0142ania projektowe dla uczni\u00f3w<\/strong><\/p>\n\n\n\n<ul class=\"wp-block-list\">\n<li>doradztwo edukacyjno-zawodowe w Szkolnych Punktach Informacji i Kariery dla uczni\u00f3w, kt\u00f3rzy b\u0119d\u0105 realizowa\u0107 sta\u017ce uczniowskie,<\/li>\n\n\n\n<li>sta\u017ce uczniowskie w nowoczesnych firmach dla\u00a0<strong>3.500<\/strong>\u00a0uczni\u00f3w \u2013 stypendia sta\u017cowe, refundacje pracodawcom koszt\u00f3w realizacji sta\u017cowa uczniowskich,<\/li>\n\n\n\n<li>pozaszkolny formy kszta\u0142cenia zawodowego, w tym:\n<ul class=\"wp-block-list\">\n<li>specjalistyczne kursy zawodowe dla 312 uczni\u00f3w w porozumieniu i wed\u0142ug zapotrzebowania zg\u0142aszanego przez rynek pracy;<\/li>\n\n\n\n<li>zaj\u0119cia warsztatowe w Laboratorium Bran\u017cowym OCE oraz w laboratoriach szk\u00f3\u0142 wy\u017cszych,<\/li>\n\n\n\n<li>specjalistyczne zaj\u0119cia pozalekcyjne z rozwoju kompetencji kluczowych,<\/li>\n\n\n\n<li>obozy naukowe i naukowo-sportowe,<\/li>\n\n\n\n<li>wyjazdy studyjne na targi bran\u017cowe,<\/li>\n\n\n\n<li>wyjazdy studyjne do lokalnych pracodawc\u00f3w,<\/li>\n<\/ul>\n<\/li>\n\n\n\n<li>wsparcie rozwoju kompetencji z zakresu przedsi\u0119biorczo\u015bci, kreatywno\u015bci i zmys\u0142u inicjatywy<\/li>\n<\/ul>\n\n\n\n<p><strong>Dzia\u0142ania projektowe dla kadry zespo\u0142\u00f3w szk\u00f3\u0142 kszta\u0142cenia zawodowego:<\/strong><\/p>\n\n\n\n<ul class=\"wp-block-list\">\n<li>doskonalenie zawodowe kadry szk\u00f3\u0142 kszta\u0142cenia zawodowego \u2013 refundacje dla 300 nauczycieli studi\u00f3w podyplomowych\/kurs\u00f3w podnosz\u0105cych kwalifikacje\/kompetencje kadry zespo\u0142\u00f3w szk\u00f3\u0142 kszta\u0142cenia zawodowego,<\/li>\n\n\n\n<li>sta\u017ce zawodowe (szkolenia bran\u017cowe) dla 100 nauczycieli zawodu;<\/li>\n\n\n\n<li>zaj\u0119cia warsztatowe w Laboratorium Bran\u017cowym OCE oraz w laboratoriach szk\u00f3\u0142 wy\u017cszych,<\/li>\n\n\n\n<li>konferencje i warsztaty dla kadry zespo\u0142\u00f3w szk\u00f3\u0142 kszta\u0142cenia zawodowego,<\/li>\n\n\n\n<li>wsparcie dzia\u0142alno\u015bci sieci funkcjonalnych \u2013 Klub Dyrektora Szko\u0142y Zawodowej, Wojew\u00f3dzka Sie\u0107 Nauczyciela Kszta\u0142cenia Zawodowego, Wojew\u00f3dzka Sie\u0107 Kierownika Praktycznej Nauki Zawodu.<\/li>\n<\/ul>\n","protected":false},"excerpt":{"rendered":"<p>Dzia\u0142ania projektowe dla uczni\u00f3w Dzia\u0142ania projektowe dla kadry zespo\u0142\u00f3w szk\u00f3\u0142 kszta\u0142cenia zawodowego:<\/p>\n","protected":false},"author":4,"featured_media":0,"parent":0,"menu_order":0,"comment_status":"closed","ping_status":"closed","template":"","meta":{"footnotes":""},"class_list":["post-48","page","type-page","status-publish","hentry"],"_links":{"self":[{"href":"https:\/\/osz.oce.opolskie.pl\/index.php\/wp-json\/wp\/v2\/pages\/48","targetHints":{"allow":["GET"]}}],"collection":[{"href":"https:\/\/osz.oce.opolskie.pl\/index.php\/wp-json\/wp\/v2\/pages"}],"about":[{"href":"https:\/\/osz.oce.opolskie.pl\/index.php\/wp-json\/wp\/v2\/types\/page"}],"author":[{"embeddable":true,"href":"https:\/\/osz.oce.opolskie.pl\/index.php\/wp-json\/wp\/v2\/users\/4"}],"replies":[{"embeddable":true,"href":"https:\/\/osz.oce.opolskie.pl\/index.php\/wp-json\/wp\/v2\/comments?post=48"}],"version-history":[{"count":4,"href":"https:\/\/osz.oce.opolskie.pl\/index.php\/wp-json\/wp\/v2\/pages\/48\/revisions"}],"predecessor-version":[{"id":119,"href":"https:\/\/osz.oce.opolskie.pl\/index.php\/wp-json\/wp\/v2\/pages\/48\/revisions\/119"}],"wp:attachment":[{"href":"https:\/\/osz.oce.opolskie.pl\/index.php\/wp-json\/wp\/v2\/media?parent=48"}],"curies":[{"name":"wp","href":"https:\/\/api.w.org\/{rel}","templated":true}]}}